{"id":5631,"date":"2025-05-07T12:31:55","date_gmt":"2025-05-07T12:31:55","guid":{"rendered":"https:\/\/www.benproductions.ma\/?page_id=5631"},"modified":"2025-05-07T12:34:02","modified_gmt":"2025-05-07T12:34:02","slug":"blog-agence-audiovisuelle-maroc","status":"publish","type":"page","link":"https:\/\/www.benproductions.ma\/en\/blog-agence-audiovisuelle-maroc.html","title":{"rendered":"Blog de l\u2019agence BEN PROD"},"content":{"rendered":"\t\t<div data-elementor-type=\"wp-page\" data-elementor-id=\"5631\" class=\"elementor elementor-5631\" data-elementor-post-type=\"page\">\n\t\t\t\t\t\t<section class=\"elementor-section elementor-top-section elementor-element elementor-element-16458abc elementor-section-full_width elementor-section-height-default elementor-section-height-default wpr-particle-no wpr-jarallax-no wpr-parallax-no wpr-sticky-section-no\" data-id=\"16458abc\" data-element_type=\"section\" data-e-type=\"section\" data-settings=\"{&quot;background_background&quot;:&quot;classic&quot;}\">\n\t\t\t\t\t\t\t<div class=\"elementor-background-overlay\"><\/div>\n\t\t\t\t\t\t\t<div class=\"elementor-container elementor-column-gap-default\">\n\t\t\t\t\t<div class=\"elementor-column elementor-col-100 elementor-top-column elementor-element elementor-element-4312da4f\" data-id=\"4312da4f\" data-element_type=\"column\" data-e-type=\"column\">\n\t\t\t<div class=\"elementor-widget-wrap elementor-element-populated\">\n\t\t\t\t\t\t<div class=\"elementor-element elementor-element-4c3ab853 elementor-widget elementor-widget-wpr-post-title\" data-id=\"4c3ab853\" data-element_type=\"widget\" data-e-type=\"widget\" data-widget_type=\"wpr-post-title.default\">\n\t\t\t\t<div class=\"elementor-widget-container\">\n\t\t\t\t\t<h1 class=\"wpr-post-title\">Blog de l\u2019agence BEN PROD<\/h1>\t\t\t\t<\/div>\n\t\t\t\t<\/div>\n\t\t\t\t\t<\/div>\n\t\t<\/div>\n\t\t\t\t\t<\/div>\n\t\t<\/section>\n\t\t<div class=\"elementor-element elementor-element-cf7a211 e-flex e-con-boxed wpr-particle-no wpr-jarallax-no wpr-parallax-no wpr-sticky-section-no e-con e-parent\" data-id=\"cf7a211\" data-element_type=\"container\" data-e-type=\"container\">\n\t\t\t\t\t<div class=\"e-con-inner\">\n\t\t\t\t<div class=\"elementor-element elementor-element-6fd929c elementor-widget elementor-widget-pwrgrids_post_grid\" data-id=\"6fd929c\" data-element_type=\"widget\" data-e-type=\"widget\" data-widget_type=\"pwrgrids_post_grid.default\">\n\t\t\t\t<div class=\"elementor-widget-container\">\n\t\t\t\t\t<div class=\"pwgd-post-grid  pwgd-post-grid-cols pwgd-3columns grid-style-style4 pwgd-post-grid-cols-grid\"><div class=\"pwgd-post-grid-content\"><div class=\"pwgd-post-grid-item-wrapper category_blog\"><div class=\"pwgd-post-grid-item\"><div class=\"pwgd-post-grid-item-img-wrapper\"><a href=\"https:\/\/www.benproductions.ma\/en\/video-institutionnelle-pourquoi-indispensable-pour-entreprises-2025\/\" class=\"pwgd-post-grid-item-img-link\" style=\"background-image: url(https:\/\/www.benproductions.ma\/wp-content\/uploads\/2025\/05\/equipe_tournage_casablanca_corporate_maroc.png)\" \/><img decoding=\"async\" src=\"https:\/\/www.benproductions.ma\/wp-content\/uploads\/2025\/05\/equipe_tournage_casablanca_corporate_maroc.png\" \/><\/a><\/div><div class=\"pwgd-post-grid-item-content\"><div class=\"pwgd-post-grid-item-meta-wrapper\"><div class=\"pwgd-post-grid-item-meta pwgd-post-grid-item-meta-date\"><span class=\"pwgd-post-grid-item-meta-icon\"><i class=\"far fa-calendar-alt\"><\/i><\/span> May 5, 2025<\/div><\/div><div class=\"pwgd-post-grid-item-title-wrapper\"><h3 class=\"pwgd-post-grid-item-title\"><a href=\"https:\/\/www.benproductions.ma\/en\/video-institutionnelle-pourquoi-indispensable-pour-entreprises-2025\/\" class=\"pwgd-post-grid-item-title-link\" \/>Vid\u00e9o Institutionnelle: Pourquoi elle est indispensable pour les entreprises en 2025<\/a><\/h3><\/div><div class=\"pwgd-post-grid-item-text-wrapper\"><div class=\"pwgd-post-grid-item-text\">La vid\u00e9o institutionnelle s'impose comme un outil [\u2026]<\/div><\/div><\/div><\/div><\/div><div class=\"pwgd-post-grid-item-wrapper category_blog\"><div class=\"pwgd-post-grid-item\"><div class=\"pwgd-post-grid-item-img-wrapper\"><a href=\"https:\/\/www.benproductions.ma\/en\/erreurs-video-corporate\/\" class=\"pwgd-post-grid-item-img-link\" style=\"background-image: url(https:\/\/www.benproductions.ma\/wp-content\/uploads\/2025\/05\/Erreurs-dans-production-video-corporate.png)\" \/><img decoding=\"async\" src=\"https:\/\/www.benproductions.ma\/wp-content\/uploads\/2025\/05\/Erreurs-dans-production-video-corporate.png\" \/><\/a><\/div><div class=\"pwgd-post-grid-item-content\"><div class=\"pwgd-post-grid-item-meta-wrapper\"><div class=\"pwgd-post-grid-item-meta pwgd-post-grid-item-meta-date\"><span class=\"pwgd-post-grid-item-meta-icon\"><i class=\"far fa-calendar-alt\"><\/i><\/span> May 7, 2025<\/div><\/div><div class=\"pwgd-post-grid-item-title-wrapper\"><h3 class=\"pwgd-post-grid-item-title\"><a href=\"https:\/\/www.benproductions.ma\/en\/erreurs-video-corporate\/\" class=\"pwgd-post-grid-item-title-link\" \/>5 Erreurs Fatales \u00e0 \u00c9viter lors de la R\u00e9alisation d&rsquo;une Vid\u00e9o Corporate en 2025<\/a><\/h3><\/div><div class=\"pwgd-post-grid-item-text-wrapper\"><div class=\"pwgd-post-grid-item-text\">Une production vid\u00e9o corporate professionnelle exige d'\u00e9viter certaines erreurs critiques pour maximiser son impact [\u2026]<\/div><\/div><\/div><\/div><\/div><div class=\"pwgd-post-grid-item-wrapper category_blog\"><div class=\"pwgd-post-grid-item\"><div class=\"pwgd-post-grid-item-img-wrapper\"><a href=\"https:\/\/www.benproductions.ma\/en\/utiliser-motion-design-dynamiser-communication-interne-guide-complet\/\" class=\"pwgd-post-grid-item-img-link\" style=\"background-image: url(https:\/\/www.benproductions.ma\/wp-content\/uploads\/2025\/05\/motion-graphic-maroc-scaled.jpg)\" \/><img decoding=\"async\" src=\"https:\/\/www.benproductions.ma\/wp-content\/uploads\/2025\/05\/motion-graphic-maroc-scaled.jpg\" \/><\/a><\/div><div class=\"pwgd-post-grid-item-content\"><div class=\"pwgd-post-grid-item-meta-wrapper\"><div class=\"pwgd-post-grid-item-meta pwgd-post-grid-item-meta-date\"><span class=\"pwgd-post-grid-item-meta-icon\"><i class=\"far fa-calendar-alt\"><\/i><\/span> May 7, 2025<\/div><\/div><div class=\"pwgd-post-grid-item-title-wrapper\"><h3 class=\"pwgd-post-grid-item-title\"><a href=\"https:\/\/www.benproductions.ma\/en\/utiliser-motion-design-dynamiser-communication-interne-guide-complet\/\" class=\"pwgd-post-grid-item-title-link\" \/>Comment utiliser le motion design pour dynamiser votre communication interne ?<\/a><\/h3><\/div><div class=\"pwgd-post-grid-item-text-wrapper\"><div class=\"pwgd-post-grid-item-text\">Le motion design est devenu un outil incontournable pour moderniser et dynamiser la communication en entreprise. Cette forme d'animation graphique [\u2026]<\/div><\/div><\/div><\/div><\/div><\/div><div class=\"pwgd-post-grid-pagination\"><\/div><\/div>\t\t\t\t\t\t<\/div>\n\t\t\t\t<\/div>\n\t\t\t\t\t<\/div>\n\t\t\t\t<\/div>\n\t\t\t\t<\/div>\n\t\t","protected":false},"excerpt":{"rendered":"<p>Blog de l\u2019agence BEN PROD mai 5, 2025 Vid\u00e9o Institutionnelle: Pourquoi elle est indispensable pour les entreprises en 2025 La vid\u00e9o institutionnelle s&rsquo;impose comme un outil [\u2026] mai 7, 2025 5 Erreurs Fatales \u00e0 \u00c9viter lors de la R\u00e9alisation d&#8217;une Vid\u00e9o Corporate en 2025 Une production vid\u00e9o corporate professionnelle exige d&rsquo;\u00e9viter certaines erreurs critiques pour maximiser son impact [\u2026] mai 7, 2025 Comment utiliser le motion design pour dynamiser votre communication interne ? Le motion design est devenu un outil incontournable pour moderniser et dynamiser la communication en entreprise. Cette forme d&rsquo;animation graphique [\u2026]<\/p>\n","protected":false},"author":1,"featured_media":0,"parent":0,"menu_order":0,"comment_status":"closed","ping_status":"closed","template":"","meta":{"inline_featured_image":false,"footnotes":""},"class_list":["post-5631","page","type-page","status-publish","hentry"],"yoast_head":"<!-- This site is optimized with the Yoast SEO plugin v27.0 - https:\/\/yoast.com\/product\/yoast-seo-wordpress\/ -->\n<title>Blog de l\u2019agence BEN PROD - Agence Communication audiovisuelle Maroc<\/title>\n<meta name=\"robots\" content=\"index, follow, max-snippet:-1, max-image-preview:large, max-video-preview:-1\" \/>\n<link rel=\"canonical\" href=\"https:\/\/www.benproductions.ma\/en\/blog-agence-audiovisuelle-maroc.html\/\" \/>\n<meta property=\"og:locale\" content=\"en_US\" \/>\n<meta property=\"og:type\" content=\"article\" \/>\n<meta property=\"og:title\" content=\"Blog de l\u2019agence BEN PROD - Agence Communication audiovisuelle Maroc\" \/>\n<meta property=\"og:description\" content=\"Blog de l\u2019agence BEN PROD mai 5, 2025 Vid\u00e9o Institutionnelle: Pourquoi elle est indispensable pour les entreprises en 2025 La vid\u00e9o institutionnelle s&rsquo;impose comme un outil [\u2026] mai 7, 2025 5 Erreurs Fatales \u00e0 \u00c9viter lors de la R\u00e9alisation d&#8217;une Vid\u00e9o Corporate en 2025 Une production vid\u00e9o corporate professionnelle exige d&rsquo;\u00e9viter certaines erreurs critiques pour maximiser son impact [\u2026] mai 7, 2025 Comment utiliser le motion design pour dynamiser votre communication interne ? Le motion design est devenu un outil incontournable pour moderniser et dynamiser la communication en entreprise. Cette forme d&rsquo;animation graphique [\u2026]\" \/>\n<meta property=\"og:url\" content=\"https:\/\/www.benproductions.ma\/en\/blog-agence-audiovisuelle-maroc.html\/\" \/>\n<meta property=\"og:site_name\" content=\"Agence Communication audiovisuelle Maroc\" \/>\n<meta property=\"article:publisher\" content=\"https:\/\/www.facebook.com\/benprod.ma\" \/>\n<meta property=\"article:modified_time\" content=\"2025-05-07T12:34:02+00:00\" \/>\n<meta property=\"og:image\" content=\"https:\/\/www.benproductions.ma\/wp-content\/uploads\/2025\/05\/equipe_tournage_casablanca_corporate_maroc.png\" \/>\n<meta name=\"twitter:card\" content=\"summary_large_image\" \/>\n<meta name=\"twitter:label1\" content=\"Est. reading time\" \/>\n\t<meta name=\"twitter:data1\" content=\"2 minutes\" \/>\n<!-- \/ Yoast SEO plugin. -->","yoast_head_json":{"title":"Blog de l\u2019agence BEN PROD - Agence Communication audiovisuelle Maroc","robots":{"index":"index","follow":"follow","max-snippet":"max-snippet:-1","max-image-preview":"max-image-preview:large","max-video-preview":"max-video-preview:-1"},"canonical":"https:\/\/www.benproductions.ma\/en\/blog-agence-audiovisuelle-maroc.html\/","og_locale":"en_US","og_type":"article","og_title":"Blog de l\u2019agence BEN PROD - Agence Communication audiovisuelle Maroc","og_description":"Blog de l\u2019agence BEN PROD mai 5, 2025 Vid\u00e9o Institutionnelle: Pourquoi elle est indispensable pour les entreprises en 2025 La vid\u00e9o institutionnelle s&rsquo;impose comme un outil [\u2026] mai 7, 2025 5 Erreurs Fatales \u00e0 \u00c9viter lors de la R\u00e9alisation d&#8217;une Vid\u00e9o Corporate en 2025 Une production vid\u00e9o corporate professionnelle exige d&rsquo;\u00e9viter certaines erreurs critiques pour maximiser son impact [\u2026] mai 7, 2025 Comment utiliser le motion design pour dynamiser votre communication interne ? Le motion design est devenu un outil incontournable pour moderniser et dynamiser la communication en entreprise. Cette forme d&rsquo;animation graphique [\u2026]","og_url":"https:\/\/www.benproductions.ma\/en\/blog-agence-audiovisuelle-maroc.html\/","og_site_name":"Agence Communication audiovisuelle Maroc","article_publisher":"https:\/\/www.facebook.com\/benprod.ma","article_modified_time":"2025-05-07T12:34:02+00:00","og_image":[{"url":"https:\/\/www.benproductions.ma\/wp-content\/uploads\/2025\/05\/equipe_tournage_casablanca_corporate_maroc.png","type":"","width":"","height":""}],"twitter_card":"summary_large_image","twitter_misc":{"Est. reading time":"2 minutes"},"schema":{"@context":"https:\/\/schema.org","@graph":[{"@type":"WebPage","@id":"https:\/\/www.benproductions.ma\/blog-agence-audiovisuelle-maroc.html","url":"https:\/\/www.benproductions.ma\/blog-agence-audiovisuelle-maroc.html","name":"Blog de l\u2019agence BEN PROD - Agence Communication audiovisuelle Maroc","isPartOf":{"@id":"https:\/\/www.benproductions.ma\/#website"},"primaryImageOfPage":{"@id":"https:\/\/www.benproductions.ma\/blog-agence-audiovisuelle-maroc.html#primaryimage"},"image":{"@id":"https:\/\/www.benproductions.ma\/blog-agence-audiovisuelle-maroc.html#primaryimage"},"thumbnailUrl":"https:\/\/www.benproductions.ma\/wp-content\/uploads\/2025\/05\/equipe_tournage_casablanca_corporate_maroc.png","datePublished":"2025-05-07T12:31:55+00:00","dateModified":"2025-05-07T12:34:02+00:00","breadcrumb":{"@id":"https:\/\/www.benproductions.ma\/blog-agence-audiovisuelle-maroc.html#breadcrumb"},"inLanguage":"en-US","potentialAction":[{"@type":"ReadAction","target":["https:\/\/www.benproductions.ma\/blog-agence-audiovisuelle-maroc.html"]}]},{"@type":"ImageObject","inLanguage":"en-US","@id":"https:\/\/www.benproductions.ma\/blog-agence-audiovisuelle-maroc.html#primaryimage","url":"https:\/\/www.benproductions.ma\/wp-content\/uploads\/2025\/05\/equipe_tournage_casablanca_corporate_maroc.png","contentUrl":"https:\/\/www.benproductions.ma\/wp-content\/uploads\/2025\/05\/equipe_tournage_casablanca_corporate_maroc.png"},{"@type":"BreadcrumbList","@id":"https:\/\/www.benproductions.ma\/blog-agence-audiovisuelle-maroc.html#breadcrumb","itemListElement":[{"@type":"ListItem","position":1,"name":"Accueil","item":"https:\/\/www.benproductions.ma\/"},{"@type":"ListItem","position":2,"name":"Blog de l\u2019agence BEN PROD"}]},{"@type":"WebSite","@id":"https:\/\/www.benproductions.ma\/#website","url":"https:\/\/www.benproductions.ma\/","name":"Agence Marocaine de communication audiovisuelle","description":"Production audiovisuelle au service de la communication des entreprises et organisations","publisher":{"@id":"https:\/\/www.benproductions.ma\/#organization"},"alternateName":"BEN PROD Agence de production vid\u00e9o","potentialAction":[{"@type":"SearchAction","target":{"@type":"EntryPoint","urlTemplate":"https:\/\/www.benproductions.ma\/?s={search_term_string}"},"query-input":{"@type":"PropertyValueSpecification","valueRequired":true,"valueName":"search_term_string"}}],"inLanguage":"en-US"},{"@type":"Organization","@id":"https:\/\/www.benproductions.ma\/#organization","name":"BEN PROD","url":"https:\/\/www.benproductions.ma\/","logo":{"@type":"ImageObject","inLanguage":"en-US","@id":"https:\/\/www.benproductions.ma\/#\/schema\/logo\/image\/","url":"https:\/\/www.benproductions.ma\/wp-content\/uploads\/2023\/12\/cropped-logo-ben-prod.webp","contentUrl":"https:\/\/www.benproductions.ma\/wp-content\/uploads\/2023\/12\/cropped-logo-ben-prod.webp","width":764,"height":339,"caption":"BEN PROD"},"image":{"@id":"https:\/\/www.benproductions.ma\/#\/schema\/logo\/image\/"},"sameAs":["https:\/\/www.facebook.com\/benprod.ma","https:\/\/ma.linkedin.com\/company\/ben-productions","https:\/\/www.youtube.com\/channel\/UCKKPoDR0PdimFwUxcLJFyuA","https:\/\/www.instagram.com\/benprodagency"]}]}},"_links":{"self":[{"href":"https:\/\/www.benproductions.ma\/en\/wp-json\/wp\/v2\/pages\/5631","targetHints":{"allow":["GET"]}}],"collection":[{"href":"https:\/\/www.benproductions.ma\/en\/wp-json\/wp\/v2\/pages"}],"about":[{"href":"https:\/\/www.benproductions.ma\/en\/wp-json\/wp\/v2\/types\/page"}],"author":[{"embeddable":true,"href":"https:\/\/www.benproductions.ma\/en\/wp-json\/wp\/v2\/users\/1"}],"replies":[{"embeddable":true,"href":"https:\/\/www.benproductions.ma\/en\/wp-json\/wp\/v2\/comments?post=5631"}],"version-history":[{"count":4,"href":"https:\/\/www.benproductions.ma\/en\/wp-json\/wp\/v2\/pages\/5631\/revisions"}],"predecessor-version":[{"id":5635,"href":"https:\/\/www.benproductions.ma\/en\/wp-json\/wp\/v2\/pages\/5631\/revisions\/5635"}],"wp:attachment":[{"href":"https:\/\/www.benproductions.ma\/en\/wp-json\/wp\/v2\/media?parent=5631"}],"curies":[{"name":"wp","href":"https:\/\/api.w.org\/{rel}","templated":true}]}}